{"id":11,"date":"2025-05-24T19:56:40","date_gmt":"2025-05-24T17:56:40","guid":{"rendered":"https:\/\/russischblaucat.de\/?page_id=11"},"modified":"2026-02-15T14:34:03","modified_gmt":"2026-02-15T13:34:03","slug":"unsere-katzchen","status":"publish","type":"page","link":"https:\/\/russischblaucat.de\/index.php\/unsere-katzchen\/","title":{"rendered":"Unsere K\u00e4tzchen"},"content":{"rendered":"\t\t<div data-elementor-type=\"wp-page\" data-elementor-id=\"11\" class=\"elementor elementor-11\">\n\t\t\t\t<div class=\"elementor-element elementor-element-7c47979 e-flex e-con-boxed e-con e-parent\" data-id=\"7c47979\" data-element_type=\"container\">\n\t\t\t\t\t<div class=\"e-con-inner\">\n\t\t\t\t<div class=\"elementor-element elementor-element-f9e3af1 elementor-widget elementor-widget-html\" data-id=\"f9e3af1\" data-element_type=\"widget\" data-widget_type=\"html.default\">\n\t\t\t\t<div class=\"elementor-widget-container\">\n\t\t\t\t\t<style>\r\n  .litter-container {\r\n    max-width: 700px;\r\n    margin: 40px auto;\r\n    padding: 25px;\r\n    background-color: #f0f4f8;\r\n    border-radius: 16px;\r\n    box-shadow: 0 4px 18px rgba(0, 0, 0, 0.1);\r\n    font-family: 'Open Sans', sans-serif;\r\n    color: #2a2a2a;\r\n    text-align: center;\r\n  }\r\n  .litter-container h2 {\r\n    color: #2a527f;\r\n    margin-bottom: 15px;\r\n    font-size: 1.8rem;\r\n  }\r\n  .litter-info {\r\n    font-size: 1.2rem;\r\n    margin-bottom: 10px;\r\n  }\r\n  .available {\r\n    color: #388e3c;\r\n    font-weight: 600;\r\n    font-size: 1.25rem;\r\n    margin-top: 15px;\r\n  }\r\n<\/style>\r\n\r\n<div class=\"litter-container\">\r\n  <h2>Unser erster Wurf in diesem Jahr wurde am 30 januar 2026 geboren .\r\n<\/h2> \r\n  <div class=\"litter-info\">\r\n.  \r\n  <\/div>\r\n  <div class=\"available\">\r\n    \ud83d\udc9a  \r\n  <\/div>\r\n<\/div>\r\n\t\t\t\t<\/div>\n\t\t\t\t<\/div>\n\t\t\t\t<div class=\"elementor-element elementor-element-fa743b5 elementor-widget elementor-widget-html\" data-id=\"fa743b5\" data-element_type=\"widget\" data-widget_type=\"html.default\">\n\t\t\t\t<div class=\"elementor-widget-container\">\n\t\t\t\t\t<style>\r\n  .gallery-button {\r\n    display: inline-block;\r\n    padding: 12px 28px;\r\n    background-color: #6b8eb3;\r\n    color: white;\r\n    font-size: 1rem;\r\n    font-weight: 600;\r\n    border: none;\r\n    border-radius: 8px;\r\n    text-decoration: none;\r\n    text-align: center;\r\n    cursor: pointer;\r\n    transition: background-color 0.3s ease;\r\n    margin: 30px auto 0;\r\n  }\r\n  .gallery-button:hover {\r\n    background-color: #55789e;\r\n  }\r\n  .button-wrapper {\r\n    text-align: center;\r\n  }\r\n<\/style>\r\n\r\n<div class=\"button-wrapper\">\r\n  <a href=\"https:\/\/russischblaucat.de\/index.php\/galerie\/\" target=\"_blank\" class=\"gallery-button\">\r\n    Mehr Fotos ansehen\r\n  <\/a>\r\n<\/div>\r\n\t\t\t\t<\/div>\n\t\t\t\t<\/div>\n\t\t\t\t\t<\/div>\n\t\t\t\t<\/div>\n\t\t<div class=\"elementor-element elementor-element-773c0f8 e-flex e-con-boxed e-con e-parent\" data-id=\"773c0f8\" data-element_type=\"container\">\n\t\t\t\t\t<div class=\"e-con-inner\">\n\t\t\t\t<div class=\"elementor-element elementor-element-191b4cb elementor-widget elementor-widget-html\" data-id=\"191b4cb\" data-element_type=\"widget\" data-widget_type=\"html.default\">\n\t\t\t\t<div class=\"elementor-widget-container\">\n\t\t\t\t\t<link href=\"https:\/\/fonts.googleapis.com\/css2?family=Open+Sans&display=swap\" rel=\"stylesheet\">\r\n\r\n<style>\r\n  .info-container {\r\n    max-width: 800px;\r\n    margin: 40px auto;\r\n    padding: 30px;\r\n    background-color: #f5f7fa;\r\n    border-radius: 16px;\r\n    box-shadow: 0 4px 20px rgba(0, 0, 0, 0.1);\r\n    font-family: 'Open Sans', sans-serif;\r\n    color: #2a2a2a;\r\n    line-height: 1.6;\r\n  }\r\n  .info-container h2 {\r\n    color: #364f6b;\r\n    margin-bottom: 20px;\r\n  }\r\n  .attention {\r\n    font-weight: 700;\r\n    color: #b33a3a;\r\n    margin-top: 20px;\r\n  }\r\n<\/style>\r\n\r\n<div class=\"info-container\">\r\n  <h2>Informationen \u00fcber unsere K\u00e4tzchen<\/h2>\r\n  <p>\r\n    Unsere K\u00e4tzchen erreichen mit 16 Wochen das Alter, in dem sie in einer neuen Familie leben k\u00f6nnen. Sie sind bereits gut auf Haushaltsger\u00e4usche, Menschen und Hunde, Staubsauger und Sauberkeit im Haus vorbereitet. Unsere K\u00e4tzchen sind keine Freig\u00e4ngerkatzen. Nat\u00fcrlich laufen sie gerne an der Leine unter dem wachsamen Auge ihres Besitzers.\r\n  <\/p>\r\n  <p>\r\n    Selbstverst\u00e4ndlich erhalten unsere Katzen eine umfassende tier\u00e4rztliche Versorgung inklusive Impfungen, Entwurmung und Mikrochip-Implantation. Jedes K\u00e4tzchen verf\u00fcgt \u00fcber ein tier\u00e4rztliches Attest und ein Impfheft, die seinen ausgezeichneten Gesundheitszustand best\u00e4tigen. Sie hinterlassen uns einen Stammbaum und einen Impfpass, der es ihnen erm\u00f6glicht, sich frei in Europa zu bewegen. Der Kaufvertrag wird auf Grundlage des B\u00fcrgerlichen Gesetzbuches abgeschlossen.\r\n  <\/p>\r\n  <p class=\"attention\">\r\n    Aufmerksamkeit:<br>\r\n    Unsere K\u00e4tzchen d\u00fcrfen ohne unsere Zustimmung nicht an weiterverkauft werden. Eine \u00dcbertragung der Zuchtrechte erfolgt nur nach vorheriger Absprache. Wir verkaufen keine K\u00e4tzchen an Allergiker. Im Bedarfsfall, also bei einem pl\u00f6tzlichen, unvorhergesehenen Ereignis, kommen die Katzen aus unserer Zucht zu uns zur\u00fcck.\r\n  <\/p>\r\n<\/div>\r\n\t\t\t\t<\/div>\n\t\t\t\t<\/div>\n\t\t\t\t\t<\/div>\n\t\t\t\t<\/div>\n\t\t\t\t<\/div>\n\t\t","protected":false},"excerpt":{"rendered":"<p>Unser erster Wurf in diesem Jahr wurde am 30 januar 2026 geboren . . \ud83d\udc9a Mehr Fotos ansehen Informationen \u00fcber [&hellip;]<\/p>\n","protected":false},"author":1,"featured_media":0,"parent":0,"menu_order":0,"comment_status":"closed","ping_status":"closed","template":"","meta":{"site-sidebar-layout":"no-sidebar","site-content-layout":"","ast-site-content-layout":"full-width-container","site-content-style":"default","site-sidebar-style":"default","ast-global-header-display":"","ast-banner-title-visibility":"","ast-main-header-display":"","ast-hfb-above-header-display":"","ast-hfb-below-header-display":"","ast-hfb-mobile-header-display":"","site-post-title":"disabled","ast-breadcrumbs-content":"","ast-featured-img":"disabled","footer-sml-layout":"","ast-disable-related-posts":"","theme-transparent-header-meta":"","adv-header-id-meta":"","stick-header-meta":"","header-above-stick-meta":"","header-main-stick-meta":"","header-below-stick-meta":"","astra-migrate-meta-layouts":"default","ast-page-background-enabled":"default","ast-page-background-meta":{"desktop":{"background-color":"var(--ast-global-color-5)","background-image":"","background-repeat":"repeat","background-position":"center center","background-size":"auto","background-attachment":"scroll","background-type":"","background-media":"","overlay-type":"","overlay-color":"","overlay-opacity":"","overlay-gradient":""},"tablet":{"background-color":"","background-image":"","background-repeat":"repeat","background-position":"center center","background-size":"auto","background-attachment":"scroll","background-type":"","background-media":"","overlay-type":"","overlay-color":"","overlay-opacity":"","overlay-gradient":""},"mobile":{"background-color":"","background-image":"","background-repeat":"repeat","background-position":"center center","background-size":"auto","background-attachment":"scroll","background-type":"","background-media":"","overlay-type":"","overlay-color":"","overlay-opacity":"","overlay-gradient":""}},"ast-content-background-meta":{"desktop":{"background-color":"var(--ast-global-color-4)","background-image":"","background-repeat":"repeat","background-position":"center center","background-size":"auto","background-attachment":"scroll","background-type":"","background-media":"","overlay-type":"","overlay-color":"","overlay-opacity":"","overlay-gradient":""},"tablet":{"background-color":"var(--ast-global-color-4)","background-image":"","background-repeat":"repeat","background-position":"center center","background-size":"auto","background-attachment":"scroll","background-type":"","background-media":"","overlay-type":"","overlay-color":"","overlay-opacity":"","overlay-gradient":""},"mobile":{"background-color":"var(--ast-global-color-4)","background-image":"","background-repeat":"repeat","background-position":"center center","background-size":"auto","background-attachment":"scroll","background-type":"","background-media":"","overlay-type":"","overlay-color":"","overlay-opacity":"","overlay-gradient":""}},"footnotes":""},"class_list":["post-11","page","type-page","status-publish","hentry"],"yoast_head":"<!-- This site is optimized with the Yoast SEO plugin v26.8 - https:\/\/yoast.com\/product\/yoast-seo-wordpress\/ -->\n<title>Unsere K\u00e4tzchen - Shades Purple<\/title>\n<meta name=\"robots\" content=\"index, follow, max-snippet:-1, max-image-preview:large, max-video-preview:-1\" \/>\n<link rel=\"canonical\" href=\"https:\/\/russischblaucat.de\/index.php\/unsere-katzchen\/\" \/>\n<meta property=\"og:locale\" content=\"pl_PL\" \/>\n<meta property=\"og:type\" content=\"article\" \/>\n<meta property=\"og:title\" content=\"Unsere K\u00e4tzchen - Shades Purple\" \/>\n<meta property=\"og:description\" content=\"Unser erster Wurf in diesem Jahr wurde am 30 januar 2026 geboren . . \ud83d\udc9a Mehr Fotos ansehen Informationen \u00fcber [&hellip;]\" \/>\n<meta property=\"og:url\" content=\"https:\/\/russischblaucat.de\/index.php\/unsere-katzchen\/\" \/>\n<meta property=\"og:site_name\" content=\"Shades Purple\" \/>\n<meta property=\"article:publisher\" content=\"https:\/\/www.facebook.com\/people\/Russisch-Blau\/61558055044425\/\" \/>\n<meta property=\"article:modified_time\" content=\"2026-02-15T13:34:03+00:00\" \/>\n<meta name=\"twitter:card\" content=\"summary_large_image\" \/>\n<meta name=\"twitter:label1\" content=\"Szacowany czas czytania\" \/>\n\t<meta name=\"twitter:data1\" content=\"2 minuty\" \/>\n<script type=\"application\/ld+json\" class=\"yoast-schema-graph\">{\"@context\":\"https:\/\/schema.org\",\"@graph\":[{\"@type\":\"WebPage\",\"@id\":\"https:\/\/russischblaucat.de\/index.php\/unsere-katzchen\/\",\"url\":\"https:\/\/russischblaucat.de\/index.php\/unsere-katzchen\/\",\"name\":\"Unsere K\u00e4tzchen - Shades Purple\",\"isPartOf\":{\"@id\":\"https:\/\/russischblaucat.de\/#website\"},\"datePublished\":\"2025-05-24T17:56:40+00:00\",\"dateModified\":\"2026-02-15T13:34:03+00:00\",\"breadcrumb\":{\"@id\":\"https:\/\/russischblaucat.de\/index.php\/unsere-katzchen\/#breadcrumb\"},\"inLanguage\":\"pl-PL\",\"potentialAction\":[{\"@type\":\"ReadAction\",\"target\":[\"https:\/\/russischblaucat.de\/index.php\/unsere-katzchen\/\"]}]},{\"@type\":\"BreadcrumbList\",\"@id\":\"https:\/\/russischblaucat.de\/index.php\/unsere-katzchen\/#breadcrumb\",\"itemListElement\":[{\"@type\":\"ListItem\",\"position\":1,\"name\":\"Strona g\u0142\u00f3wna\",\"item\":\"https:\/\/russischblaucat.de\/\"},{\"@type\":\"ListItem\",\"position\":2,\"name\":\"Unsere K\u00e4tzchen\"}]},{\"@type\":\"WebSite\",\"@id\":\"https:\/\/russischblaucat.de\/#website\",\"url\":\"https:\/\/russischblaucat.de\/\",\"name\":\"Shades Purple\",\"description\":\"\",\"publisher\":{\"@id\":\"https:\/\/russischblaucat.de\/#organization\"},\"potentialAction\":[{\"@type\":\"SearchAction\",\"target\":{\"@type\":\"EntryPoint\",\"urlTemplate\":\"https:\/\/russischblaucat.de\/?s={search_term_string}\"},\"query-input\":{\"@type\":\"PropertyValueSpecification\",\"valueRequired\":true,\"valueName\":\"search_term_string\"}}],\"inLanguage\":\"pl-PL\"},{\"@type\":\"Organization\",\"@id\":\"https:\/\/russischblaucat.de\/#organization\",\"name\":\"Shades Purple\",\"url\":\"https:\/\/russischblaucat.de\/\",\"logo\":{\"@type\":\"ImageObject\",\"inLanguage\":\"pl-PL\",\"@id\":\"https:\/\/russischblaucat.de\/#\/schema\/logo\/image\/\",\"url\":\"https:\/\/russischblaucat.de\/wp-content\/uploads\/2025\/05\/cropped-image11-removebg-preview-1.png\",\"contentUrl\":\"https:\/\/russischblaucat.de\/wp-content\/uploads\/2025\/05\/cropped-image11-removebg-preview-1.png\",\"width\":413,\"height\":476,\"caption\":\"Shades Purple\"},\"image\":{\"@id\":\"https:\/\/russischblaucat.de\/#\/schema\/logo\/image\/\"},\"sameAs\":[\"https:\/\/www.facebook.com\/people\/Russisch-Blau\/61558055044425\/\",\"https:\/\/www.instagram.com\/anitaduwall\/\"]}]}<\/script>\n<!-- \/ Yoast SEO plugin. -->","yoast_head_json":{"title":"Unsere K\u00e4tzchen - Shades Purple","robots":{"index":"index","follow":"follow","max-snippet":"max-snippet:-1","max-image-preview":"max-image-preview:large","max-video-preview":"max-video-preview:-1"},"canonical":"https:\/\/russischblaucat.de\/index.php\/unsere-katzchen\/","og_locale":"pl_PL","og_type":"article","og_title":"Unsere K\u00e4tzchen - Shades Purple","og_description":"Unser erster Wurf in diesem Jahr wurde am 30 januar 2026 geboren . . \ud83d\udc9a Mehr Fotos ansehen Informationen \u00fcber [&hellip;]","og_url":"https:\/\/russischblaucat.de\/index.php\/unsere-katzchen\/","og_site_name":"Shades Purple","article_publisher":"https:\/\/www.facebook.com\/people\/Russisch-Blau\/61558055044425\/","article_modified_time":"2026-02-15T13:34:03+00:00","twitter_card":"summary_large_image","twitter_misc":{"Szacowany czas czytania":"2 minuty"},"schema":{"@context":"https:\/\/schema.org","@graph":[{"@type":"WebPage","@id":"https:\/\/russischblaucat.de\/index.php\/unsere-katzchen\/","url":"https:\/\/russischblaucat.de\/index.php\/unsere-katzchen\/","name":"Unsere K\u00e4tzchen - Shades Purple","isPartOf":{"@id":"https:\/\/russischblaucat.de\/#website"},"datePublished":"2025-05-24T17:56:40+00:00","dateModified":"2026-02-15T13:34:03+00:00","breadcrumb":{"@id":"https:\/\/russischblaucat.de\/index.php\/unsere-katzchen\/#breadcrumb"},"inLanguage":"pl-PL","potentialAction":[{"@type":"ReadAction","target":["https:\/\/russischblaucat.de\/index.php\/unsere-katzchen\/"]}]},{"@type":"BreadcrumbList","@id":"https:\/\/russischblaucat.de\/index.php\/unsere-katzchen\/#breadcrumb","itemListElement":[{"@type":"ListItem","position":1,"name":"Strona g\u0142\u00f3wna","item":"https:\/\/russischblaucat.de\/"},{"@type":"ListItem","position":2,"name":"Unsere K\u00e4tzchen"}]},{"@type":"WebSite","@id":"https:\/\/russischblaucat.de\/#website","url":"https:\/\/russischblaucat.de\/","name":"Shades Purple","description":"","publisher":{"@id":"https:\/\/russischblaucat.de\/#organization"},"potentialAction":[{"@type":"SearchAction","target":{"@type":"EntryPoint","urlTemplate":"https:\/\/russischblaucat.de\/?s={search_term_string}"},"query-input":{"@type":"PropertyValueSpecification","valueRequired":true,"valueName":"search_term_string"}}],"inLanguage":"pl-PL"},{"@type":"Organization","@id":"https:\/\/russischblaucat.de\/#organization","name":"Shades Purple","url":"https:\/\/russischblaucat.de\/","logo":{"@type":"ImageObject","inLanguage":"pl-PL","@id":"https:\/\/russischblaucat.de\/#\/schema\/logo\/image\/","url":"https:\/\/russischblaucat.de\/wp-content\/uploads\/2025\/05\/cropped-image11-removebg-preview-1.png","contentUrl":"https:\/\/russischblaucat.de\/wp-content\/uploads\/2025\/05\/cropped-image11-removebg-preview-1.png","width":413,"height":476,"caption":"Shades Purple"},"image":{"@id":"https:\/\/russischblaucat.de\/#\/schema\/logo\/image\/"},"sameAs":["https:\/\/www.facebook.com\/people\/Russisch-Blau\/61558055044425\/","https:\/\/www.instagram.com\/anitaduwall\/"]}]}},"_links":{"self":[{"href":"https:\/\/russischblaucat.de\/index.php\/wp-json\/wp\/v2\/pages\/11","targetHints":{"allow":["GET"]}}],"collection":[{"href":"https:\/\/russischblaucat.de\/index.php\/wp-json\/wp\/v2\/pages"}],"about":[{"href":"https:\/\/russischblaucat.de\/index.php\/wp-json\/wp\/v2\/types\/page"}],"author":[{"embeddable":true,"href":"https:\/\/russischblaucat.de\/index.php\/wp-json\/wp\/v2\/users\/1"}],"replies":[{"embeddable":true,"href":"https:\/\/russischblaucat.de\/index.php\/wp-json\/wp\/v2\/comments?post=11"}],"version-history":[{"count":28,"href":"https:\/\/russischblaucat.de\/index.php\/wp-json\/wp\/v2\/pages\/11\/revisions"}],"predecessor-version":[{"id":305,"href":"https:\/\/russischblaucat.de\/index.php\/wp-json\/wp\/v2\/pages\/11\/revisions\/305"}],"wp:attachment":[{"href":"https:\/\/russischblaucat.de\/index.php\/wp-json\/wp\/v2\/media?parent=11"}],"curies":[{"name":"wp","href":"https:\/\/api.w.org\/{rel}","templated":true}]}}